{"id":355,"date":"2018-11-18T17:09:06","date_gmt":"2018-11-18T17:09:06","guid":{"rendered":"https:\/\/wiebkefleischmann.de\/?page_id=355"},"modified":"2022-07-15T07:29:55","modified_gmt":"2022-07-15T07:29:55","slug":"kontakt","status":"publish","type":"page","link":"https:\/\/wiebkefleischmann.de\/index.php\/kontakt\/","title":{"rendered":"Kontakt"},"content":{"rendered":"<p>[et_pb_section fb_built=&#8220;1&#8243; custom_padding_last_edited=&#8220;on|phone&#8220; admin_label=&#8220;Contact Section&#8220; _builder_version=&#8220;4.16&#8243; use_background_color_gradient=&#8220;on&#8220; background_color_gradient_direction=&#8220;226deg&#8220; background_color_gradient_stops=&#8220;#64c8d2 0%|#bee682 100%&#8220; background_color_gradient_start=&#8220;#64c8d2&#8243; background_color_gradient_end=&#8220;#bee682&#8243; custom_margin=&#8220;0px||0px&#8220; custom_padding=&#8220;120px||110px||false|false&#8220; custom_padding_tablet=&#8220;&#8220; custom_padding_phone=&#8220;80px|||&#8220; custom_css_main_element=&#8220;min-height: 100vh !important;&#8220; global_colors_info=&#8220;{}&#8220;][et_pb_row _builder_version=&#8220;4.16&#8243; max_width=&#8220;800px&#8220; custom_padding=&#8220;0px||60px&#8220; animation_style=&#8220;fade&#8220; use_custom_width=&#8220;on&#8220; custom_width_px=&#8220;800px&#8220; global_colors_info=&#8220;{}&#8220;][et_pb_column type=&#8220;4_4&#8243; _builder_version=&#8220;4.16&#8243; custom_padding=&#8220;|||&#8220; global_colors_info=&#8220;{}&#8220; custom_padding__hover=&#8220;|||&#8220;][et_pb_text _builder_version=&#8220;4.16&#8243; header_font=&#8220;|||on|||||&#8220; header_font_size=&#8220;44px&#8220; header_letter_spacing=&#8220;3px&#8220; header_line_height=&#8220;1.2em&#8220; header_2_font=&#8220;|||on|||||&#8220; header_2_font_size=&#8220;44px&#8220; header_2_letter_spacing=&#8220;3px&#8220; header_2_line_height=&#8220;1.2em&#8220; custom_margin=&#8220;||20px|&#8220; custom_padding=&#8220;||&#8220; header_font_size_tablet=&#8220;28px&#8220; header_font_size_phone=&#8220;28px&#8220; header_font_size_last_edited=&#8220;on|phone&#8220; global_colors_info=&#8220;{}&#8220;]<\/p>\n<h1 style=\"text-align: center;\"><span style=\"color: #ffffff;\">Wie kann ich dich unterst\u00fctzen?<br \/> <\/span><\/h1>\n<p>[\/et_pb_text][et_pb_text _builder_version=&#8220;4.16&#8243; text_font=&#8220;||||||||&#8220; header_font=&#8220;|||on|||||&#8220; header_font_size=&#8220;60px&#8220; header_2_font=&#8220;||||||||&#8220; header_2_font_size=&#8220;44px&#8220; header_4_font=&#8220;||||||||&#8220; header_4_font_size=&#8220;20px&#8220; header_4_line_height=&#8220;1.4em&#8220; global_colors_info=&#8220;{}&#8220;]<\/p>\n<h4 style=\"text-align: center;\"><span style=\"color: #ffffff;\">Egal, ob du einen Auftrag, eine interessante Idee oder einfach nur eine kleine Frage hast \u2013 Ich helfe dir gerne. Hinterlasse mir einfach eine Nachricht, ich melde mich bald bei dir zur\u00fcck.<br \/> <\/span><\/h4>\n<p>[\/et_pb_text][\/et_pb_column][\/et_pb_row][et_pb_row _builder_version=&#8220;4.16&#8243; max_width=&#8220;800px&#8220; custom_padding=&#8220;0|0px|0|0px|false|false&#8220; animation_style=&#8220;slide&#8220; custom_css_main_element=&#8220;z-index: 1 !important;&#8220; use_custom_width=&#8220;on&#8220; custom_width_px=&#8220;800px&#8220; global_colors_info=&#8220;{}&#8220;][et_pb_column type=&#8220;4_4&#8243; _builder_version=&#8220;4.16&#8243; custom_padding=&#8220;|||&#8220; global_colors_info=&#8220;{}&#8220; custom_padding__hover=&#8220;|||&#8220;][et_pb_contact_form email=&#8220;kontakt@wiebkefleischmann.de&#8220; success_message=&#8220;Deine Nachricht wurde verschickt. Ich werde mich in den n\u00e4chsten Tagen bei dir melden.&#8220; submit_button_text=&#8220;Absenden&#8220; module_id=&#8220;et_pb_contact_form_0&#8243; _builder_version=&#8220;4.17.6&#8243; _unique_id=&#8220;a17da192-1c98-43de-a8cd-dc6e853a2c33&#8243; form_field_font=&#8220;||||||||&#8220; form_field_font_size=&#8220;16px&#8220; custom_button=&#8220;on&#8220; button_text_size=&#8220;16px&#8220; button_text_color=&#8220;#ffffff&#8220; button_border_width=&#8220;1px&#8220; button_border_color=&#8220;#ffffff&#8220; button_border_radius=&#8220;100px&#8220; button_letter_spacing=&#8220;2px&#8220; button_font=&#8220;|||on|||||&#8220; button_use_icon=&#8220;off&#8220; custom_margin=&#8220;|||&#8220; custom_padding=&#8220;|||&#8220; hover_enabled=&#8220;0&#8243; global_colors_info=&#8220;{}&#8220; button_bg_color__hover_enabled=&#8220;on&#8220; button_bg_color__hover=&#8220;rgba(255,255,255,0.2)&#8220; button_border_color__hover_enabled=&#8220;on&#8220; button_border_color__hover=&#8220;#ffffff&#8220; use_spam_service=&#8220;on&#8220; recaptcha_list=&#8220;Default|Default-0&#8243; sticky_enabled=&#8220;0&#8243;][et_pb_contact_field field_id=&#8220;Name&#8220; field_title=&#8220;Dein Name&#8220; _builder_version=&#8220;4.16&#8243; form_field_font=&#8220;||||||||&#8220; global_colors_info=&#8220;{}&#8220; button_text_size__hover_enabled=&#8220;off&#8220; button_one_text_size__hover_enabled=&#8220;off&#8220; button_two_text_size__hover_enabled=&#8220;off&#8220; button_text_color__hover_enabled=&#8220;off&#8220; button_one_text_color__hover_enabled=&#8220;off&#8220; button_two_text_color__hover_enabled=&#8220;off&#8220; button_border_width__hover_enabled=&#8220;off&#8220; button_one_border_width__hover_enabled=&#8220;off&#8220; button_two_border_width__hover_enabled=&#8220;off&#8220; button_border_color__hover_enabled=&#8220;off&#8220; button_one_border_color__hover_enabled=&#8220;off&#8220; button_two_border_color__hover_enabled=&#8220;off&#8220; button_border_radius__hover_enabled=&#8220;off&#8220; button_one_border_radius__hover_enabled=&#8220;off&#8220; button_two_border_radius__hover_enabled=&#8220;off&#8220; button_letter_spacing__hover_enabled=&#8220;off&#8220; button_one_letter_spacing__hover_enabled=&#8220;off&#8220; button_two_letter_spacing__hover_enabled=&#8220;off&#8220; button_bg_color__hover_enabled=&#8220;off&#8220; button_one_bg_color__hover_enabled=&#8220;off&#8220; button_two_bg_color__hover_enabled=&#8220;off&#8220;][\/et_pb_contact_field][et_pb_contact_field field_id=&#8220;Email&#8220; field_title=&#8220;Deine E-Mail-Adresse&#8220; field_type=&#8220;email&#8220; _builder_version=&#8220;4.16&#8243; global_colors_info=&#8220;{}&#8220; button_text_size__hover_enabled=&#8220;off&#8220; button_one_text_size__hover_enabled=&#8220;off&#8220; button_two_text_size__hover_enabled=&#8220;off&#8220; button_text_color__hover_enabled=&#8220;off&#8220; button_one_text_color__hover_enabled=&#8220;off&#8220; button_two_text_color__hover_enabled=&#8220;off&#8220; button_border_width__hover_enabled=&#8220;off&#8220; button_one_border_width__hover_enabled=&#8220;off&#8220; button_two_border_width__hover_enabled=&#8220;off&#8220; button_border_color__hover_enabled=&#8220;off&#8220; button_one_border_color__hover_enabled=&#8220;off&#8220; button_two_border_color__hover_enabled=&#8220;off&#8220; button_border_radius__hover_enabled=&#8220;off&#8220; button_one_border_radius__hover_enabled=&#8220;off&#8220; button_two_border_radius__hover_enabled=&#8220;off&#8220; button_letter_spacing__hover_enabled=&#8220;off&#8220; button_one_letter_spacing__hover_enabled=&#8220;off&#8220; button_two_letter_spacing__hover_enabled=&#8220;off&#8220; button_bg_color__hover_enabled=&#8220;off&#8220; button_one_bg_color__hover_enabled=&#8220;off&#8220; button_two_bg_color__hover_enabled=&#8220;off&#8220;][\/et_pb_contact_field][et_pb_contact_field field_id=&#8220;Message&#8220; field_title=&#8220;Denk dir was Nettes aus.&#8220; field_type=&#8220;text&#8220; fullwidth_field=&#8220;on&#8220; _builder_version=&#8220;4.16&#8243; global_colors_info=&#8220;{}&#8220; button_text_size__hover_enabled=&#8220;off&#8220; button_one_text_size__hover_enabled=&#8220;off&#8220; button_two_text_size__hover_enabled=&#8220;off&#8220; button_text_color__hover_enabled=&#8220;off&#8220; button_one_text_color__hover_enabled=&#8220;off&#8220; button_two_text_color__hover_enabled=&#8220;off&#8220; button_border_width__hover_enabled=&#8220;off&#8220; button_one_border_width__hover_enabled=&#8220;off&#8220; button_two_border_width__hover_enabled=&#8220;off&#8220; button_border_color__hover_enabled=&#8220;off&#8220; button_one_border_color__hover_enabled=&#8220;off&#8220; button_two_border_color__hover_enabled=&#8220;off&#8220; button_border_radius__hover_enabled=&#8220;off&#8220; button_one_border_radius__hover_enabled=&#8220;off&#8220; button_two_border_radius__hover_enabled=&#8220;off&#8220; button_letter_spacing__hover_enabled=&#8220;off&#8220; button_one_letter_spacing__hover_enabled=&#8220;off&#8220; button_two_letter_spacing__hover_enabled=&#8220;off&#8220; button_bg_color__hover_enabled=&#8220;off&#8220; button_one_bg_color__hover_enabled=&#8220;off&#8220; button_two_bg_color__hover_enabled=&#8220;off&#8220;][\/et_pb_contact_field][\/et_pb_contact_form][\/et_pb_column][\/et_pb_row][et_pb_row _builder_version=&#8220;4.16&#8243; max_width=&#8220;800px&#8220; custom_margin=&#8220;0px||&#8220; custom_padding=&#8220;0px|0px|0|0px|false|false&#8220; animation_style=&#8220;fade&#8220; animation_delay=&#8220;600ms&#8220; custom_css_main_element=&#8220;z-index: 100 !important;&#8220; use_custom_width=&#8220;on&#8220; custom_width_px=&#8220;800px&#8220; global_colors_info=&#8220;{}&#8220;][et_pb_column type=&#8220;4_4&#8243; _builder_version=&#8220;4.16&#8243; custom_padding=&#8220;0px|||&#8220; global_colors_info=&#8220;{}&#8220; custom_padding__hover=&#8220;|||&#8220;][et_pb_text _builder_version=&#8220;4.16&#8243; text_font=&#8220;||||||||&#8220; text_font_size=&#8220;13px&#8220; text_line_height=&#8220;1.3em&#8220; background_layout=&#8220;dark&#8220; custom_margin=&#8220;-36px||&#8220; custom_margin_tablet=&#8220;20px||&#8220; custom_margin_phone=&#8220;20px||&#8220; custom_margin_last_edited=&#8220;on|phone&#8220; custom_css_main_element=&#8220;z-index: 100 !important;&#8220; global_colors_info=&#8220;{}&#8220;]<\/p>\n<p style=\"text-align: left;\"><span style=\"color: #ffffff;\">Mit dem Abschicken der Nachricht erkl\u00e4rst du dich mit der <a href=\"https:\/\/wiebkefleischmann.de\/index.php\/datenschutz\/\" style=\"color: #ffffff;\" target=\"_blank\" rel=\"noopener noreferrer\"><span style=\"text-decoration: underline;\"><strong>Datenschutzerkl\u00e4rung<\/strong><\/span><\/a> einverstanden.<\/span><\/p>\n<p>[\/et_pb_text][\/et_pb_column][\/et_pb_row][\/et_pb_section]<\/p>\n","protected":false},"excerpt":{"rendered":"<p>Wie kann ich dich unterst\u00fctzen? Egal, ob du einen Auftrag, eine interessante Idee oder einfach nur eine kleine Frage hast \u2013 Ich helfe dir gerne. Hinterlasse mir einfach eine Nachricht, ich melde mich bald bei dir zur\u00fcck. Mit dem Abschicken der Nachricht erkl\u00e4rst du dich mit der Datenschutzerkl\u00e4rung einverstanden.<\/p>\n","protected":false},"author":1,"featured_media":0,"parent":0,"menu_order":0,"comment_status":"closed","ping_status":"closed","template":"","meta":{"_et_pb_use_builder":"on","_et_pb_old_content":"","_et_gb_content_width":"","footnotes":""},"yoast_head":"<!-- This site is optimized with the Yoast SEO plugin v23.5 - https:\/\/yoast.com\/wordpress\/plugins\/seo\/ -->\n<title>Kontakt &#8211; Wiebke Fleischmann | Grafik- und Mediendesign<\/title>\n<meta name=\"robots\" content=\"index, follow, max-snippet:-1, max-image-preview:large, max-video-preview:-1\" \/>\n<link rel=\"canonical\" href=\"https:\/\/wiebkefleischmann.de\/index.php\/kontakt\/\" \/>\n<meta property=\"og:locale\" content=\"de_DE\" \/>\n<meta property=\"og:type\" content=\"article\" \/>\n<meta property=\"og:title\" content=\"Kontakt &#8211; Wiebke Fleischmann | Grafik- und Mediendesign\" \/>\n<meta property=\"og:description\" content=\"Wie kann ich dich unterst\u00fctzen? Egal, ob du einen Auftrag, eine interessante Idee oder einfach nur eine kleine Frage hast \u2013 Ich helfe dir gerne. Hinterlasse mir einfach eine Nachricht, ich melde mich bald bei dir zur\u00fcck. Mit dem Abschicken der Nachricht erkl\u00e4rst du dich mit der Datenschutzerkl\u00e4rung einverstanden.\" \/>\n<meta property=\"og:url\" content=\"https:\/\/wiebkefleischmann.de\/index.php\/kontakt\/\" \/>\n<meta property=\"og:site_name\" content=\"Wiebke Fleischmann | Grafik- und Mediendesign\" \/>\n<meta property=\"article:modified_time\" content=\"2022-07-15T07:29:55+00:00\" \/>\n<meta name=\"twitter:card\" content=\"summary_large_image\" \/>\n<meta name=\"twitter:label1\" content=\"Gesch\u00e4tzte Lesezeit\" \/>\n\t<meta name=\"twitter:data1\" content=\"5\u00a0Minuten\" \/>\n<script type=\"application\/ld+json\" class=\"yoast-schema-graph\">{\"@context\":\"https:\/\/schema.org\",\"@graph\":[{\"@type\":\"WebPage\",\"@id\":\"https:\/\/wiebkefleischmann.de\/index.php\/kontakt\/\",\"url\":\"https:\/\/wiebkefleischmann.de\/index.php\/kontakt\/\",\"name\":\"Kontakt &#8211; Wiebke Fleischmann | Grafik- und Mediendesign\",\"isPartOf\":{\"@id\":\"https:\/\/wiebkefleischmann.de\/#website\"},\"datePublished\":\"2018-11-18T17:09:06+00:00\",\"dateModified\":\"2022-07-15T07:29:55+00:00\",\"breadcrumb\":{\"@id\":\"https:\/\/wiebkefleischmann.de\/index.php\/kontakt\/#breadcrumb\"},\"inLanguage\":\"de\",\"potentialAction\":[{\"@type\":\"ReadAction\",\"target\":[\"https:\/\/wiebkefleischmann.de\/index.php\/kontakt\/\"]}]},{\"@type\":\"BreadcrumbList\",\"@id\":\"https:\/\/wiebkefleischmann.de\/index.php\/kontakt\/#breadcrumb\",\"itemListElement\":[{\"@type\":\"ListItem\",\"position\":1,\"name\":\"Startseite\",\"item\":\"https:\/\/wiebkefleischmann.de\/\"},{\"@type\":\"ListItem\",\"position\":2,\"name\":\"Kontakt\"}]},{\"@type\":\"WebSite\",\"@id\":\"https:\/\/wiebkefleischmann.de\/#website\",\"url\":\"https:\/\/wiebkefleischmann.de\/\",\"name\":\"Wiebke Fleischmann | Grafik- und Mediendesign\",\"description\":\"\",\"publisher\":{\"@id\":\"https:\/\/wiebkefleischmann.de\/#organization\"},\"potentialAction\":[{\"@type\":\"SearchAction\",\"target\":{\"@type\":\"EntryPoint\",\"urlTemplate\":\"https:\/\/wiebkefleischmann.de\/?s={search_term_string}\"},\"query-input\":{\"@type\":\"PropertyValueSpecification\",\"valueRequired\":true,\"valueName\":\"search_term_string\"}}],\"inLanguage\":\"de\"},{\"@type\":\"Organization\",\"@id\":\"https:\/\/wiebkefleischmann.de\/#organization\",\"name\":\"Wiebke Fleischmann | Grafik- und Mediendesign\",\"url\":\"https:\/\/wiebkefleischmann.de\/\",\"logo\":{\"@type\":\"ImageObject\",\"inLanguage\":\"de\",\"@id\":\"https:\/\/wiebkefleischmann.de\/#\/schema\/logo\/image\/\",\"url\":\"https:\/\/wiebkefleischmann.de\/wp-content\/uploads\/2019\/02\/WF_Logo_grau.png\",\"contentUrl\":\"https:\/\/wiebkefleischmann.de\/wp-content\/uploads\/2019\/02\/WF_Logo_grau.png\",\"width\":1200,\"height\":362,\"caption\":\"Wiebke Fleischmann | Grafik- und Mediendesign\"},\"image\":{\"@id\":\"https:\/\/wiebkefleischmann.de\/#\/schema\/logo\/image\/\"}}]}<\/script>\n<!-- \/ Yoast SEO plugin. -->","yoast_head_json":{"title":"Kontakt &#8211; Wiebke Fleischmann | Grafik- und Mediendesign","robots":{"index":"index","follow":"follow","max-snippet":"max-snippet:-1","max-image-preview":"max-image-preview:large","max-video-preview":"max-video-preview:-1"},"canonical":"https:\/\/wiebkefleischmann.de\/index.php\/kontakt\/","og_locale":"de_DE","og_type":"article","og_title":"Kontakt &#8211; Wiebke Fleischmann | Grafik- und Mediendesign","og_description":"Wie kann ich dich unterst\u00fctzen? Egal, ob du einen Auftrag, eine interessante Idee oder einfach nur eine kleine Frage hast \u2013 Ich helfe dir gerne. Hinterlasse mir einfach eine Nachricht, ich melde mich bald bei dir zur\u00fcck. Mit dem Abschicken der Nachricht erkl\u00e4rst du dich mit der Datenschutzerkl\u00e4rung einverstanden.","og_url":"https:\/\/wiebkefleischmann.de\/index.php\/kontakt\/","og_site_name":"Wiebke Fleischmann | Grafik- und Mediendesign","article_modified_time":"2022-07-15T07:29:55+00:00","twitter_card":"summary_large_image","twitter_misc":{"Gesch\u00e4tzte Lesezeit":"5\u00a0Minuten"},"schema":{"@context":"https:\/\/schema.org","@graph":[{"@type":"WebPage","@id":"https:\/\/wiebkefleischmann.de\/index.php\/kontakt\/","url":"https:\/\/wiebkefleischmann.de\/index.php\/kontakt\/","name":"Kontakt &#8211; Wiebke Fleischmann | Grafik- und Mediendesign","isPartOf":{"@id":"https:\/\/wiebkefleischmann.de\/#website"},"datePublished":"2018-11-18T17:09:06+00:00","dateModified":"2022-07-15T07:29:55+00:00","breadcrumb":{"@id":"https:\/\/wiebkefleischmann.de\/index.php\/kontakt\/#breadcrumb"},"inLanguage":"de","potentialAction":[{"@type":"ReadAction","target":["https:\/\/wiebkefleischmann.de\/index.php\/kontakt\/"]}]},{"@type":"BreadcrumbList","@id":"https:\/\/wiebkefleischmann.de\/index.php\/kontakt\/#breadcrumb","itemListElement":[{"@type":"ListItem","position":1,"name":"Startseite","item":"https:\/\/wiebkefleischmann.de\/"},{"@type":"ListItem","position":2,"name":"Kontakt"}]},{"@type":"WebSite","@id":"https:\/\/wiebkefleischmann.de\/#website","url":"https:\/\/wiebkefleischmann.de\/","name":"Wiebke Fleischmann | Grafik- und Mediendesign","description":"","publisher":{"@id":"https:\/\/wiebkefleischmann.de\/#organization"},"potentialAction":[{"@type":"SearchAction","target":{"@type":"EntryPoint","urlTemplate":"https:\/\/wiebkefleischmann.de\/?s={search_term_string}"},"query-input":{"@type":"PropertyValueSpecification","valueRequired":true,"valueName":"search_term_string"}}],"inLanguage":"de"},{"@type":"Organization","@id":"https:\/\/wiebkefleischmann.de\/#organization","name":"Wiebke Fleischmann | Grafik- und Mediendesign","url":"https:\/\/wiebkefleischmann.de\/","logo":{"@type":"ImageObject","inLanguage":"de","@id":"https:\/\/wiebkefleischmann.de\/#\/schema\/logo\/image\/","url":"https:\/\/wiebkefleischmann.de\/wp-content\/uploads\/2019\/02\/WF_Logo_grau.png","contentUrl":"https:\/\/wiebkefleischmann.de\/wp-content\/uploads\/2019\/02\/WF_Logo_grau.png","width":1200,"height":362,"caption":"Wiebke Fleischmann | Grafik- und Mediendesign"},"image":{"@id":"https:\/\/wiebkefleischmann.de\/#\/schema\/logo\/image\/"}}]}},"_links":{"self":[{"href":"https:\/\/wiebkefleischmann.de\/index.php\/wp-json\/wp\/v2\/pages\/355"}],"collection":[{"href":"https:\/\/wiebkefleischmann.de\/index.php\/wp-json\/wp\/v2\/pages"}],"about":[{"href":"https:\/\/wiebkefleischmann.de\/index.php\/wp-json\/wp\/v2\/types\/page"}],"author":[{"embeddable":true,"href":"https:\/\/wiebkefleischmann.de\/index.php\/wp-json\/wp\/v2\/users\/1"}],"replies":[{"embeddable":true,"href":"https:\/\/wiebkefleischmann.de\/index.php\/wp-json\/wp\/v2\/comments?post=355"}],"version-history":[{"count":38,"href":"https:\/\/wiebkefleischmann.de\/index.php\/wp-json\/wp\/v2\/pages\/355\/revisions"}],"predecessor-version":[{"id":1531,"href":"https:\/\/wiebkefleischmann.de\/index.php\/wp-json\/wp\/v2\/pages\/355\/revisions\/1531"}],"wp:attachment":[{"href":"https:\/\/wiebkefleischmann.de\/index.php\/wp-json\/wp\/v2\/media?parent=355"}],"curies":[{"name":"wp","href":"https:\/\/api.w.org\/{rel}","templated":true}]}}